{"id":66,"date":"2020-08-24T17:16:20","date_gmt":"2020-08-24T15:16:20","guid":{"rendered":"http:\/\/www.btp-ustulin.fr\/?page_id=66"},"modified":"2020-12-19T23:49:41","modified_gmt":"2020-12-19T22:49:41","slug":"nos-prestations","status":"publish","type":"page","link":"https:\/\/www.btp-ustulin.fr\/index.php\/nos-prestations\/","title":{"rendered":"Nos prestations"},"content":{"rendered":"\t\t<div data-elementor-type=\"wp-page\" data-elementor-id=\"66\" class=\"elementor elementor-66\" data-elementor-settings=\"[]\">\n\t\t\t\t\t\t<div class=\"elementor-inner\">\n\t\t\t\t\t\t\t<div class=\"elementor-section-wrap\">\n\t\t\t\t\t\t\t<section class=\"elementor-section elementor-top-section elementor-element elementor-element-aeef2a5 elementor-section-boxed elementor-section-height-default elementor-section-height-default\" data-id=\"aeef2a5\" data-element_type=\"section\">\n\t\t\t\t\t\t<div class=\"elementor-container elementor-column-gap-default\">\n\t\t\t\t\t\t\t<div class=\"elementor-row\">\n\t\t\t\t\t<div class=\"elementor-column elementor-col-100 elementor-top-column elementor-element elementor-element-c612891\" data-id=\"c612891\" data-element_type=\"column\">\n\t\t\t<div class=\"elementor-column-wrap elementor-element-populated\">\n\t\t\t\t\t\t\t<div class=\"elementor-widget-wrap\">\n\t\t\t\t\t\t<div class=\"elementor-element elementor-element-cabbdc6 elementor-widget elementor-widget-accordion\" data-id=\"cabbdc6\" data-element_type=\"widget\" data-widget_type=\"accordion.default\">\n\t\t\t\t<div class=\"elementor-widget-container\">\n\t\t\t\t\t<div class=\"elementor-accordion\" role=\"tablist\">\n\t\t\t\t\t\t\t<div class=\"elementor-accordion-item\">\n\t\t\t\t\t<div id=\"elementor-tab-title-2121\" class=\"elementor-tab-title\" data-tab=\"1\" role=\"tab\" aria-controls=\"elementor-tab-content-2121\">\n\t\t\t\t\t\t\t\t\t\t\t\t\t<span class=\"elementor-accordion-icon elementor-accordion-icon-left\" aria-hidden=\"true\">\n\t\t\t\t\t\t\t\t\t\t\t\t\t\t\t<span class=\"elementor-accordion-icon-closed\"><i class=\"fas fa-plus\"><\/i><\/span>\n\t\t\t\t\t\t\t\t<span class=\"elementor-accordion-icon-opened\"><i class=\"fas fa-minus\"><\/i><\/span>\n\t\t\t\t\t\t\t\t\t\t\t\t\t\t<\/span>\n\t\t\t\t\t\t\t\t\t\t\t\t<a class=\"elementor-accordion-title\" href=\"\">HISTORIQUE<\/a>\n\t\t\t\t\t<\/div>\n\t\t\t\t\t<div id=\"elementor-tab-content-2121\" class=\"elementor-tab-content elementor-clearfix\" data-tab=\"1\" role=\"tabpanel\" aria-labelledby=\"elementor-tab-title-2121\"><p>L\u2019entreprise BTP USTULIN est sp\u00e9cialis\u00e9e dans la ma\u00e7onnerie g\u00e9n\u00e9rale et le gros-oeuvre. Nous r\u00e9alisons des projets de construction et r\u00e9novation de b\u00e2timents industriels, commerciaux, agricoles, collectifs et particuliers.<br \/>Artisan ma\u00e7on de p\u00e8re en fils depuis 1964, l\u2019entreprise familiale du b\u00e2timent est reprise en 1989, et ne cesse de progresser.<br \/>Situ\u00e9e au centre du Lot-et-Garonne, elle est pr\u00e9sente sur le d\u00e9partement et ses alentours, afin de garder une relation de proximit\u00e9 avec ses clients.<br \/>Depuis le 1er Mai 2013, l\u2019entreprise individuelle est devenue une SARL au capital de 300 000.00 euros avec un associ\u00e9 unique, Philippe Ustulin.<\/p><p><img loading=\"lazy\" class=\"alignnone size-medium wp-image-95\" src=\"http:\/\/www.btp-ustulin.fr\/wp-content\/uploads\/2020\/08\/artisans-maitre-300x190.png\" alt=\"\" width=\"300\" height=\"190\" srcset=\"https:\/\/www.btp-ustulin.fr\/wp-content\/uploads\/2020\/08\/artisans-maitre-300x190.png 300w, https:\/\/www.btp-ustulin.fr\/wp-content\/uploads\/2020\/08\/artisans-maitre.png 360w\" sizes=\"(max-width: 300px) 100vw, 300px\" \/><\/p><\/div>\n\t\t\t\t<\/div>\n\t\t\t\t\t\t\t<div class=\"elementor-accordion-item\">\n\t\t\t\t\t<div id=\"elementor-tab-title-2122\" class=\"elementor-tab-title\" data-tab=\"2\" role=\"tab\" aria-controls=\"elementor-tab-content-2122\">\n\t\t\t\t\t\t\t\t\t\t\t\t\t<span class=\"elementor-accordion-icon elementor-accordion-icon-left\" aria-hidden=\"true\">\n\t\t\t\t\t\t\t\t\t\t\t\t\t\t\t<span class=\"elementor-accordion-icon-closed\"><i class=\"fas fa-plus\"><\/i><\/span>\n\t\t\t\t\t\t\t\t<span class=\"elementor-accordion-icon-opened\"><i class=\"fas fa-minus\"><\/i><\/span>\n\t\t\t\t\t\t\t\t\t\t\t\t\t\t<\/span>\n\t\t\t\t\t\t\t\t\t\t\t\t<a class=\"elementor-accordion-title\" href=\"\">ACTIVITES<\/a>\n\t\t\t\t\t<\/div>\n\t\t\t\t\t<div id=\"elementor-tab-content-2122\" class=\"elementor-tab-content elementor-clearfix\" data-tab=\"2\" role=\"tabpanel\" aria-labelledby=\"elementor-tab-title-2122\"><p>L\u2019entreprise propose diff\u00e9rentes prestations telles que :<br \/>\u2022 Ma\u00e7onnerie g\u00e9n\u00e9rale<br \/>\u2022 Gros-oeuvre<br \/>\u2022 R\u00e9novation, r\u00e9habilitation<br \/>\u2022 Terrassement \/ VRD<br \/>\u2022 Assainissement, canalisation<br \/>\u2022 Am\u00e9nagements ext\u00e9rieurs, piscines<br \/>\u2022 Couverture<br \/>\u2022 G\u00e9nie civil<\/p><\/div>\n\t\t\t\t<\/div>\n\t\t\t\t\t\t\t<div class=\"elementor-accordion-item\">\n\t\t\t\t\t<div id=\"elementor-tab-title-2123\" class=\"elementor-tab-title\" data-tab=\"3\" role=\"tab\" aria-controls=\"elementor-tab-content-2123\">\n\t\t\t\t\t\t\t\t\t\t\t\t\t<span class=\"elementor-accordion-icon elementor-accordion-icon-left\" aria-hidden=\"true\">\n\t\t\t\t\t\t\t\t\t\t\t\t\t\t\t<span class=\"elementor-accordion-icon-closed\"><i class=\"fas fa-plus\"><\/i><\/span>\n\t\t\t\t\t\t\t\t<span class=\"elementor-accordion-icon-opened\"><i class=\"fas fa-minus\"><\/i><\/span>\n\t\t\t\t\t\t\t\t\t\t\t\t\t\t<\/span>\n\t\t\t\t\t\t\t\t\t\t\t\t<a class=\"elementor-accordion-title\" href=\"\">ENGAGEMENTS<\/a>\n\t\t\t\t\t<\/div>\n\t\t\t\t\t<div id=\"elementor-tab-content-2123\" class=\"elementor-tab-content elementor-clearfix\" data-tab=\"3\" role=\"tabpanel\" aria-labelledby=\"elementor-tab-title-2123\"><p><strong><span style=\"text-decoration: underline;\">S\u00e9curit\u00e9<\/span><\/strong><br \/>Nous sommes actuellement en partenariat avec l\u2019OPPBTP dans une d\u00e9marche d\u2019am\u00e9lioration de la s\u00e9curit\u00e9 au sein de l\u2019entreprise et sur chantier. Nous sommes tr\u00e8s sensibilis\u00e9s au bien-\u00eatre et \u00e0 la sant\u00e9 de nos salari\u00e9s.<br \/><strong><span style=\"text-decoration: underline;\">Environnement<\/span><\/strong><br \/>L\u2019entreprise BTP USTULIN est engag\u00e9e dans la lutte pour la pr\u00e9servation de l\u2019environnement et s\u2019engage \u00e0 limiter les impacts de ses activit\u00e9s sur l\u2019environnement.<br \/>Plusieurs actions sont mises en place afin de r\u00e9duire nos \u00e9missions de Co2, d\u2019am\u00e9liorer notre bilan carbone, de rendre les bases de vie plus \u00e9conomiques en \u00e9nergies, de diminuer nos consommations d\u2019eau et d\u2019\u00e9lectricit\u00e9 au sein de notre si\u00e8ge social et sur chantier, de favoriser les fili\u00e8res de recyclage.<\/p><\/div>\n\t\t\t\t<\/div>\n\t\t\t\t\t\t\t<div class=\"elementor-accordion-item\">\n\t\t\t\t\t<div id=\"elementor-tab-title-2124\" class=\"elementor-tab-title\" data-tab=\"4\" role=\"tab\" aria-controls=\"elementor-tab-content-2124\">\n\t\t\t\t\t\t\t\t\t\t\t\t\t<span class=\"elementor-accordion-icon elementor-accordion-icon-left\" aria-hidden=\"true\">\n\t\t\t\t\t\t\t\t\t\t\t\t\t\t\t<span class=\"elementor-accordion-icon-closed\"><i class=\"fas fa-plus\"><\/i><\/span>\n\t\t\t\t\t\t\t\t<span class=\"elementor-accordion-icon-opened\"><i class=\"fas fa-minus\"><\/i><\/span>\n\t\t\t\t\t\t\t\t\t\t\t\t\t\t<\/span>\n\t\t\t\t\t\t\t\t\t\t\t\t<a class=\"elementor-accordion-title\" href=\"\">MOYENS<\/a>\n\t\t\t\t\t<\/div>\n\t\t\t\t\t<div id=\"elementor-tab-content-2124\" class=\"elementor-tab-content elementor-clearfix\" data-tab=\"4\" role=\"tabpanel\" aria-labelledby=\"elementor-tab-title-2124\"><p><strong><span style=\"text-decoration: underline;\">1 &#8211; Moyens techniques<\/span><\/strong><\/p><p>L&#8217;entreprise USTULIN investit continuellement dans du mat\u00e9riel adapt\u00e9 afin d\u2019optimiser l\u2019organisation des chantiers, de respecter les normes actuelles et de r\u00e9pondre aux besoins du Ma\u00eetre d\u2019ouvrage.<br \/><strong><span style=\"text-decoration: underline;\">Mat\u00e9riel roulant :<\/span><\/strong><br \/>\u2022 1 mini-pelle 0.9T + BRH<br \/>\u2022 1 mini-pelle 1.5T<br \/>\u2022 3 mini-pelles 2.5T<br \/>\u2022 1 mini-pelle 5.00 T<br \/>\u2022 1 pelle m\u00e9canique de 10 tonnes<br \/>\u2022 5 \u00e9l\u00e9vateurs t\u00e9lescopiques<br \/>\u2022 1 chariot \u00e9l\u00e9vateur \u00e0 mat r\u00e9tractable<br \/>\u2022 1 Manitou<br \/>\u2022 2 Dumpers \u00e0 roues<br \/>\u2022 1 Dumper \u00e0 chenilles<br \/>\u2022 1 grue GMR 23 m\u00e8tres<br \/>\u2022 1 grue GMR 36 m\u00e8tres<br \/>\u2022 1 grue GMR 40 m\u00e8tres<br \/>\u2022 1 grue GMA 40 m\u00e8tres<br \/>\u2022 1 grue \u00e0 tour 50 m\u00e8tres<br \/>\u2022 2 camions PL<br \/>\u2022 8 camions bennes<br \/>\u2022 3 fourgons<br \/>\u2022 5 v\u00e9hicules utilitaires<br \/><span style=\"text-decoration: underline;\"><strong>Mat\u00e9riel de chantier :<\/strong><\/span><br \/>\u2022 B\u00e9tonni\u00e8res<br \/>\u2022 Compresseur<br \/>\u2022 Groupe \u00e9lectrog\u00e8ne<br \/>\u2022 Parc d\u2019\u00e9chafaudage aux normes, accessoires de s\u00e9curit\u00e9<br \/>\u2022 Coffrages, banches m\u00e9talliques<br \/>\u2022 Etaiement<br \/>\u2022 Laser Ammann, laser lunette, \u00e9querre optique<br \/>\u2022 Un th\u00e9odolite LEICA<br \/>\u2022 Une station d\u2019implantation robotis\u00e9e<br \/>\u2022 Mat\u00e9riel \u00e9lectro portatif<br \/>\u2022 Mat\u00e9riel de signalisation et de s\u00e9curit\u00e9<br \/>\u2022 Conteneurs<br \/>\u2022 Bungalows de chantier, sanitaires et mobilier<\/p><p><span style=\"text-decoration: underline;\"><strong>2 &#8211; Moyens humains de l\u2019entreprise et qualifications<\/strong><\/span><br \/>USTULIN Philippe : Dirigeant<br \/>\u2022 1 assistante de direction<br \/>\u2022 1 assistante de gestion<br \/>\u2022 1 secr\u00e9taire<br \/>\u2022 1 technicien bureau d\u2019\u00e9tudes \/ m\u00e9thode<br \/>\u2022 3 conducteurs de travaux<br \/>\u2022 1 m\u00e9canicien \/ monteur de grue<br \/>\u2022 3 chefs de chantier<br \/>\u2022 4 chefs d\u2019\u00e9quipe<br \/>\u2022 9 compagnons professionnels<br \/>\u2022 9 ouvriers professionnels<br \/>\u2022 3 ouvriers d\u2019ex\u00e9cution<br \/>\u2022 6 apprentis (BP Ma\u00e7on, CAP Ma\u00e7on et CAP Conducteur d\u2019engins)<br \/>Dont 2 chauffeurs poids lourds<br \/>Dont 8 conducteurs de grue<br \/>Dont 19 conducteurs d\u2019engins<br \/>Dont 10 sauveteurs secouristes du travail.<br \/>De plus nous employons une quinzaine d\u2019int\u00e9rimaires pour respecter scrupuleusement les plannings.<\/p><\/div>\n\t\t\t\t<\/div>\n\t\t\t\t\t<\/div>\n\t\t\t\t<\/div>\n\t\t\t\t<\/div>\n\t\t\t\t\t\t<\/div>\n\t\t\t\t\t<\/div>\n\t\t<\/div>\n\t\t\t\t\t\t\t\t<\/div>\n\t\t\t\t\t<\/div>\n\t\t<\/section>\n\t\t\t\t\t\t<\/div>\n\t\t\t\t\t\t<\/div>\n\t\t\t\t\t<\/div>\n\t\t","protected":false},"excerpt":{"rendered":"<p>HISTORIQUE L\u2019entreprise BTP USTULIN est sp\u00e9cialis\u00e9e dans la ma\u00e7onnerie g\u00e9n\u00e9rale et le gros-oeuvre. Nous r\u00e9alisons des projets de construction et r\u00e9novation de b\u00e2timents industriels, commerciaux, agricoles, collectifs et particuliers.Artisan ma\u00e7on de p\u00e8re en fils depuis 1964, l\u2019entreprise familiale du b\u00e2timent est reprise en 1989, et ne cesse de progresser.Situ\u00e9e au centre du Lot-et-Garonne, elle est &hellip;<\/p>\n<p class=\"read-more\"> <a class=\"\" href=\"https:\/\/www.btp-ustulin.fr\/index.php\/nos-prestations\/\"> <span class=\"screen-reader-text\">Nos prestations<\/span> Read More &raquo;<\/a><\/p>\n","protected":false},"author":1,"featured_media":0,"parent":0,"menu_order":0,"comment_status":"closed","ping_status":"closed","template":"","meta":[],"_links":{"self":[{"href":"https:\/\/www.btp-ustulin.fr\/index.php\/wp-json\/wp\/v2\/pages\/66"}],"collection":[{"href":"https:\/\/www.btp-ustulin.fr\/index.php\/wp-json\/wp\/v2\/pages"}],"about":[{"href":"https:\/\/www.btp-ustulin.fr\/index.php\/wp-json\/wp\/v2\/types\/page"}],"author":[{"embeddable":true,"href":"https:\/\/www.btp-ustulin.fr\/index.php\/wp-json\/wp\/v2\/users\/1"}],"replies":[{"embeddable":true,"href":"https:\/\/www.btp-ustulin.fr\/index.php\/wp-json\/wp\/v2\/comments?post=66"}],"version-history":[{"count":10,"href":"https:\/\/www.btp-ustulin.fr\/index.php\/wp-json\/wp\/v2\/pages\/66\/revisions"}],"predecessor-version":[{"id":181,"href":"https:\/\/www.btp-ustulin.fr\/index.php\/wp-json\/wp\/v2\/pages\/66\/revisions\/181"}],"wp:attachment":[{"href":"https:\/\/www.btp-ustulin.fr\/index.php\/wp-json\/wp\/v2\/media?parent=66"}],"curies":[{"name":"wp","href":"https:\/\/api.w.org\/{rel}","templated":true}]}}